{"id":23,"date":"2022-06-01T21:53:46","date_gmt":"2022-06-01T19:53:46","guid":{"rendered":"https:\/\/ecolesaintecroix-noisylesec.fr\/?page_id=23"},"modified":"2023-04-17T14:58:54","modified_gmt":"2023-04-17T12:58:54","slug":"le-projet-educatif-et-religieux","status":"publish","type":"page","link":"https:\/\/ecolesaintecroix-noisylesec.fr\/?page_id=23","title":{"rendered":"Le projet \u00e9ducatif et religieux"},"content":{"rendered":"\t\t<div data-elementor-type=\"wp-page\" data-elementor-id=\"23\" class=\"elementor elementor-23\">\n\t\t\t\t\t\t\t\t\t<section class=\"elementor-section elementor-top-section elementor-element elementor-element-8d900b1 elementor-section-boxed elementor-section-height-default elementor-section-height-default\" data-id=\"8d900b1\" data-element_type=\"section\">\n\t\t\t\t\t\t<div class=\"elementor-container elementor-column-gap-default\">\n\t\t\t\t\t<div class=\"elementor-column elementor-col-100 elementor-top-column elementor-element elementor-element-0b5927b\" data-id=\"0b5927b\" data-element_type=\"column\">\n\t\t\t<div class=\"elementor-widget-wrap elementor-element-populated\">\n\t\t\t\t\t\t\t\t<div class=\"elementor-element elementor-element-54b97fd elementor-widget elementor-widget-spacer\" data-id=\"54b97fd\" data-element_type=\"widget\" data-widget_type=\"spacer.default\">\n\t\t\t\t<div class=\"elementor-widget-container\">\n\t\t\t<style>\/*! elementor - v3.18.0 - 20-12-2023 *\/\n.elementor-column .elementor-spacer-inner{height:var(--spacer-size)}.e-con{--container-widget-width:100%}.e-con-inner>.elementor-widget-spacer,.e-con>.elementor-widget-spacer{width:var(--container-widget-width,var(--spacer-size));--align-self:var(--container-widget-align-self,initial);--flex-shrink:0}.e-con-inner>.elementor-widget-spacer>.elementor-widget-container,.e-con>.elementor-widget-spacer>.elementor-widget-container{height:100%;width:100%}.e-con-inner>.elementor-widget-spacer>.elementor-widget-container>.elementor-spacer,.e-con>.elementor-widget-spacer>.elementor-widget-container>.elementor-spacer{height:100%}.e-con-inner>.elementor-widget-spacer>.elementor-widget-container>.elementor-spacer>.elementor-spacer-inner,.e-con>.elementor-widget-spacer>.elementor-widget-container>.elementor-spacer>.elementor-spacer-inner{height:var(--container-widget-height,var(--spacer-size))}.e-con-inner>.elementor-widget-spacer.elementor-widget-empty,.e-con>.elementor-widget-spacer.elementor-widget-empty{position:relative;min-height:22px;min-width:22px}.e-con-inner>.elementor-widget-spacer.elementor-widget-empty .elementor-widget-empty-icon,.e-con>.elementor-widget-spacer.elementor-widget-empty .elementor-widget-empty-icon{position:absolute;top:0;bottom:0;left:0;right:0;margin:auto;padding:0;width:22px;height:22px}<\/style>\t\t<div class=\"elementor-spacer\">\n\t\t\t<div class=\"elementor-spacer-inner\"><\/div>\n\t\t<\/div>\n\t\t\t\t<\/div>\n\t\t\t\t<\/div>\n\t\t\t\t<div class=\"elementor-element elementor-element-00662e4 elementor-widget elementor-widget-heading\" data-id=\"00662e4\" data-element_type=\"widget\" data-widget_type=\"heading.default\">\n\t\t\t\t<div class=\"elementor-widget-container\">\n\t\t\t<style>\/*! elementor - v3.18.0 - 20-12-2023 *\/\n.elementor-heading-title{padding:0;margin:0;line-height:1}.elementor-widget-heading .elementor-heading-title[class*=elementor-size-]>a{color:inherit;font-size:inherit;line-height:inherit}.elementor-widget-heading .elementor-heading-title.elementor-size-small{font-size:15px}.elementor-widget-heading .elementor-heading-title.elementor-size-medium{font-size:19px}.elementor-widget-heading .elementor-heading-title.elementor-size-large{font-size:29px}.elementor-widget-heading .elementor-heading-title.elementor-size-xl{font-size:39px}.elementor-widget-heading .elementor-heading-title.elementor-size-xxl{font-size:59px}<\/style><h2 class=\"elementor-heading-title elementor-size-default\">Le projet \u00e9ducatif et religieux<\/h2>\t\t<\/div>\n\t\t\t\t<\/div>\n\t\t\t\t\t<\/div>\n\t\t<\/div>\n\t\t\t\t\t\t\t<\/div>\n\t\t<\/section>\n\t\t\t\t<section class=\"elementor-section elementor-top-section elementor-element elementor-element-d1442df elementor-section-boxed elementor-section-height-default elementor-section-height-default\" data-id=\"d1442df\" data-element_type=\"section\">\n\t\t\t\t\t\t<div class=\"elementor-container elementor-column-gap-default\">\n\t\t\t\t\t<div class=\"elementor-column elementor-col-100 elementor-top-column elementor-element elementor-element-fff9c13\" data-id=\"fff9c13\" data-element_type=\"column\">\n\t\t\t<div class=\"elementor-widget-wrap elementor-element-populated\">\n\t\t\t\t\t\t\t\t<div class=\"elementor-element elementor-element-7fdee3c elementor-widget elementor-widget-heading\" data-id=\"7fdee3c\" data-element_type=\"widget\" data-widget_type=\"heading.default\">\n\t\t\t\t<div class=\"elementor-widget-container\">\n\t\t\t<h3 class=\"elementor-heading-title elementor-size-default\">Le projet \u00e9ducatif de l'\u00e9cole<\/h3>\t\t<\/div>\n\t\t\t\t<\/div>\n\t\t\t\t<div class=\"elementor-element elementor-element-8ec5e6d elementor-widget elementor-widget-text-editor\" data-id=\"8ec5e6d\" data-element_type=\"widget\" data-widget_type=\"text-editor.default\">\n\t\t\t\t<div class=\"elementor-widget-container\">\n\t\t\t<style>\/*! elementor - v3.18.0 - 20-12-2023 *\/\n.elementor-widget-text-editor.elementor-drop-cap-view-stacked .elementor-drop-cap{background-color:#69727d;color:#fff}.elementor-widget-text-editor.elementor-drop-cap-view-framed .elementor-drop-cap{color:#69727d;border:3px solid;background-color:transparent}.elementor-widget-text-editor:not(.elementor-drop-cap-view-default) .elementor-drop-cap{margin-top:8px}.elementor-widget-text-editor:not(.elementor-drop-cap-view-default) .elementor-drop-cap-letter{width:1em;height:1em}.elementor-widget-text-editor .elementor-drop-cap{float:left;text-align:center;line-height:1;font-size:50px}.elementor-widget-text-editor .elementor-drop-cap-letter{display:inline-block}<\/style>\t\t\t\t<p>L&rsquo;\u00e9cole Sainte Croix est une \u00e9cole catholique d&rsquo;enseignement sous contrat d&rsquo;association avec l&rsquo;\u00c9tat.<\/p><p>Notre projet \u00e9ducatif fait r\u00e9f\u00e9rence au projet dioc\u00e9sain de Seine-St-Denis. Il prend ainsi en compte chaque \u00eatre en tant que personne. L&rsquo;\u00e9cole accueille tous les enfants, quelle que soit leur origine sociale, culturelle ou religieuse. <strong>Il reste cependant n\u00e9cessaire que la famille adh\u00e8re totalement \u00e0 son projet \u00e9ducatif.<\/strong><\/p><p>Sainte Croix a pour mission d&rsquo;accueillir chaque enfant avec ses atouts et ses difficult\u00e9s, de l&rsquo;amener \u00e0 grandir en tant que personne et \u00e0 progresser en tant qu&rsquo;\u00e9l\u00e8ve.<\/p><p>\u00a0<\/p><p><em>L&rsquo;\u00c9ducation donn\u00e9e aux \u00e9l\u00e8ves \u00e0 l&rsquo;\u00e9cole Sainte Croix s&rsquo;appuie \u00e0 la fois sur les codes d&rsquo;un \u00ab\u00a0Bien vivre ensemble\u00a0\u00bb : politesse, attention \u00e0 l&rsquo;autre, \u00e9coute, partage, respect de l&rsquo;autre, &#8230; mais \u00e9galement sur la Bonne Nouvelle de l&rsquo;Evangile apport\u00e9e par J\u00e9sus Christ.\u00a0<\/em><\/p><p>\u00a0<\/p><p>L&rsquo;\u00e9cole met tout en \u0153uvre pour que les enfants qui nous sont confi\u00e9s acqui\u00e8rent :<\/p><ul><li>de l&rsquo;autonomie (compte tenu de leur \u00e2ge),<\/li><li>le sens des responsabilit\u00e9s,<\/li><li>un niveau scolaire qui leur permette de s&rsquo;\u00e9panouir, de r\u00e9fl\u00e9chir par eux-m\u00eames, par un enseignement respectueux des programmes officiels de l&rsquo;Education Nationale.<\/li><\/ul><p>\u00a0<\/p><p>Tout est mis en \u0153uvre pour combattre la violence, tant verbale que physique, et assurer un tr\u00e8s bon climat de s\u00e9r\u00e9nit\u00e9 propice au travail et au bien-\u00eatre de tous. La r\u00e9ussite de notre projet n\u00e9cessite par cons\u00e9quent un parfait accord entre enseignants, parents, enfants, personnels, association des parents d&rsquo;\u00e9l\u00e8ves, &#8230;<\/p><p>\u00a0<\/p><p>Chaque parent scolarisant son enfant \u00e0 l&rsquo;\u00e9cole Sainte Croix s&rsquo;engage ainsi \u00e0 participer \u00e0 la mise en \u0153uvre du projet \u00e9ducatif.\u00a0<br \/>Par ailleurs,\u00a0<a href=\"https:\/\/ecolesaintecroix-noisylesec.fr\/ogec-apel-sainte-croix\/\" data-wplink-url-error=\"true\">l&rsquo;association des parents d&rsquo;\u00e9l\u00e8ves<\/a>\u00a0permet de s&rsquo;engager encore plus concr\u00e8tement dans l&rsquo;organisation des activit\u00e9s scolaires de l&rsquo;\u00e9cole. Toute personne est invit\u00e9e \u00e0 proposer ses services \u00e0\u00a0<a href=\"https:\/\/www.apel.fr\/\">L&rsquo;APEL<\/a>\u00a0dans la mesure de ces disponibilit\u00e9s.<\/p>\t\t\t\t\t\t<\/div>\n\t\t\t\t<\/div>\n\t\t\t\t\t<\/div>\n\t\t<\/div>\n\t\t\t\t\t\t\t<\/div>\n\t\t<\/section>\n\t\t\t\t<section class=\"elementor-section elementor-top-section elementor-element elementor-element-4f45e0f elementor-section-boxed elementor-section-height-default elementor-section-height-default\" data-id=\"4f45e0f\" data-element_type=\"section\">\n\t\t\t\t\t\t<div class=\"elementor-container elementor-column-gap-default\">\n\t\t\t\t\t<div class=\"elementor-column elementor-col-100 elementor-top-column elementor-element elementor-element-5cfdbb8\" data-id=\"5cfdbb8\" data-element_type=\"column\">\n\t\t\t<div class=\"elementor-widget-wrap elementor-element-populated\">\n\t\t\t\t\t\t\t\t<div class=\"elementor-element elementor-element-7ef6c5e elementor-widget elementor-widget-image\" data-id=\"7ef6c5e\" data-element_type=\"widget\" data-widget_type=\"image.default\">\n\t\t\t\t<div class=\"elementor-widget-container\">\n\t\t\t<style>\/*! elementor - v3.18.0 - 20-12-2023 *\/\n.elementor-widget-image{text-align:center}.elementor-widget-image a{display:inline-block}.elementor-widget-image a img[src$=\".svg\"]{width:48px}.elementor-widget-image img{vertical-align:middle;display:inline-block}<\/style>\t\t\t\t\t\t\t\t\t\t\t\t<img decoding=\"async\" src=\"https:\/\/ecolesaintecroix-noisylesec.fr\/wp-content\/uploads\/elementor\/thumbs\/0116_635A0846-scaled-e1681735731215-q55b8kufb4yvktbohxl03lrhn057imfmnm5cb14o3k.jpg\" title=\"0116_635A0846\" alt=\"0116_635A0846\" loading=\"lazy\" \/>\t\t\t\t\t\t\t\t\t\t\t\t\t\t\t<\/div>\n\t\t\t\t<\/div>\n\t\t\t\t\t<\/div>\n\t\t<\/div>\n\t\t\t\t\t\t\t<\/div>\n\t\t<\/section>\n\t\t\t\t<section class=\"elementor-section elementor-top-section elementor-element elementor-element-e2f53b2 elementor-section-boxed elementor-section-height-default elementor-section-height-default\" data-id=\"e2f53b2\" data-element_type=\"section\">\n\t\t\t\t\t\t<div class=\"elementor-container elementor-column-gap-default\">\n\t\t\t\t\t<div class=\"elementor-column elementor-col-66 elementor-top-column elementor-element elementor-element-fd632b7\" data-id=\"fd632b7\" data-element_type=\"column\">\n\t\t\t<div class=\"elementor-widget-wrap elementor-element-populated\">\n\t\t\t\t\t\t\t\t<div class=\"elementor-element elementor-element-9e8539f elementor-widget elementor-widget-heading\" data-id=\"9e8539f\" data-element_type=\"widget\" data-widget_type=\"heading.default\">\n\t\t\t\t<div class=\"elementor-widget-container\">\n\t\t\t<h3 class=\"elementor-heading-title elementor-size-default\">La culture religieuse<\/h3>\t\t<\/div>\n\t\t\t\t<\/div>\n\t\t\t\t<div class=\"elementor-element elementor-element-ae92c25 elementor-widget elementor-widget-text-editor\" data-id=\"ae92c25\" data-element_type=\"widget\" data-widget_type=\"text-editor.default\">\n\t\t\t\t<div class=\"elementor-widget-container\">\n\t\t\t\t\t\t\t<p><strong>Apprendre \u00e0 vivre en fraternit\u00e9<\/strong> doit permettre de cr\u00e9er une atmosph\u00e8re de travail propice aux apprentissages.<\/p><p>La culture religieuse participe \u00e0 ce projet en apprenant aux \u00e9l\u00e8ves \u00e0 mieux se conna\u00eetre, \u00e0 accepter leurs diff\u00e9rences avec la finalit\u00e9 de mieux vivre ensemble.<\/p><p>La r\u00e9ussite de notre projet \u00e9ducatif implique naturellement la participation de tous les enfants \u00e0 :<\/p><ul><li>des ateliers de d\u00e9couverte des principales religions monoth\u00e9istes qui \u00e9tablissent un lien avec l\u2019\u00e9ducation \u00e0 la citoyennet\u00e9. <strong>Les groupes d\u2019\u00e9l\u00e8ves constitu\u00e9s favorisent ainsi les \u00e9changes entre \u00e9l\u00e8ves de classes diff\u00e9rentes.<\/strong><\/li><li>un temps fort \u00e0 l\u2019\u00e9glise qui ponctue chaque p\u00e9riode d\u2019ateliers, \u00e0 No\u00ebl et \u00e0 P\u00e2ques. Il permet aux enfants de <strong>pr\u00e9senter leur travail et leurs d\u00e9couvertes aux parents qui y sont tous convi\u00e9s.<\/strong><\/li><\/ul><p>\u00a0<\/p><p>Les familles qui d\u00e9sirent donner \u00e0 leur enfant une formation chr\u00e9tienne approfondie en vue de le pr\u00e9parer aux sacrements doivent contacter leur paroisse d\u00e8s qu\u2019il entre en CE2.<\/p>\t\t\t\t\t\t<\/div>\n\t\t\t\t<\/div>\n\t\t\t\t\t<\/div>\n\t\t<\/div>\n\t\t\t\t<div class=\"elementor-column elementor-col-33 elementor-top-column elementor-element elementor-element-5449569\" data-id=\"5449569\" data-element_type=\"column\">\n\t\t\t<div class=\"elementor-widget-wrap elementor-element-populated\">\n\t\t\t\t\t\t\t\t<div class=\"elementor-element elementor-element-afd24f0 elementor-widget elementor-widget-image\" data-id=\"afd24f0\" data-element_type=\"widget\" data-widget_type=\"image.default\">\n\t\t\t\t<div class=\"elementor-widget-container\">\n\t\t\t\t\t\t\t\t\t\t\t\t\t\t\t<img fetchpriority=\"high\" decoding=\"async\" width=\"1707\" height=\"2560\" src=\"https:\/\/ecolesaintecroix-noisylesec.fr\/wp-content\/uploads\/2023\/04\/0122_635A0851-scaled.jpg\" class=\"attachment-full size-full wp-image-2898\" alt=\"\" srcset=\"https:\/\/ecolesaintecroix-noisylesec.fr\/wp-content\/uploads\/2023\/04\/0122_635A0851-scaled.jpg 1707w, https:\/\/ecolesaintecroix-noisylesec.fr\/wp-content\/uploads\/2023\/04\/0122_635A0851-200x300.jpg 200w, https:\/\/ecolesaintecroix-noisylesec.fr\/wp-content\/uploads\/2023\/04\/0122_635A0851-683x1024.jpg 683w, https:\/\/ecolesaintecroix-noisylesec.fr\/wp-content\/uploads\/2023\/04\/0122_635A0851-768x1152.jpg 768w, https:\/\/ecolesaintecroix-noisylesec.fr\/wp-content\/uploads\/2023\/04\/0122_635A0851-1024x1536.jpg 1024w, https:\/\/ecolesaintecroix-noisylesec.fr\/wp-content\/uploads\/2023\/04\/0122_635A0851-1365x2048.jpg 1365w, https:\/\/ecolesaintecroix-noisylesec.fr\/wp-content\/uploads\/2023\/04\/0122_635A0851-1568x2352.jpg 1568w\" sizes=\"(max-width: 1707px) 100vw, 1707px\" style=\"width:100%;height:149.97%;max-width:1707px\" \/>\t\t\t\t\t\t\t\t\t\t\t\t\t\t\t<\/div>\n\t\t\t\t<\/div>\n\t\t\t\t\t<\/div>\n\t\t<\/div>\n\t\t\t\t\t\t\t<\/div>\n\t\t<\/section>\n\t\t\t\t<section class=\"elementor-section elementor-top-section elementor-element elementor-element-3389924 elementor-section-boxed elementor-section-height-default elementor-section-height-default\" data-id=\"3389924\" data-element_type=\"section\">\n\t\t\t\t\t\t<div class=\"elementor-container elementor-column-gap-default\">\n\t\t\t\t\t<div class=\"elementor-column elementor-col-100 elementor-top-column elementor-element elementor-element-136b546\" data-id=\"136b546\" data-element_type=\"column\">\n\t\t\t<div class=\"elementor-widget-wrap elementor-element-populated\">\n\t\t\t\t\t\t\t\t<div class=\"elementor-element elementor-element-2b68348 elementor-widget elementor-widget-heading\" data-id=\"2b68348\" data-element_type=\"widget\" data-widget_type=\"heading.default\">\n\t\t\t\t<div class=\"elementor-widget-container\">\n\t\t\t<h3 class=\"elementor-heading-title elementor-size-default\">Les activit\u00e9s p\u00e9dagogiques compl\u00e9mentaires<\/h3>\t\t<\/div>\n\t\t\t\t<\/div>\n\t\t\t\t<div class=\"elementor-element elementor-element-233843e elementor-widget elementor-widget-text-editor\" data-id=\"233843e\" data-element_type=\"widget\" data-widget_type=\"text-editor.default\">\n\t\t\t\t<div class=\"elementor-widget-container\">\n\t\t\t\t\t\t\t<p>S\u2019\u00e9panouir dans sa relation aux autres et \u00e0 soi-m\u00eame constitue la priorit\u00e9 de ces ateliers. Les enseignants les assurent sur le temps de pause du midi, permettant aux \u00e9l\u00e8ves demi-pensionnaires de faire une pause dans une journ\u00e9e tr\u00e8s rythm\u00e9e.<\/p>\t\t\t\t\t\t<\/div>\n\t\t\t\t<\/div>\n\t\t\t\t<div class=\"elementor-element elementor-element-967f162 elementor-widget elementor-widget-text-editor\" data-id=\"967f162\" data-element_type=\"widget\" data-widget_type=\"text-editor.default\">\n\t\t\t\t<div class=\"elementor-widget-container\">\n\t\t\t\t\t\t\t<p>Tout comme les activit\u00e9s de culture religieuse, les APC ont pour objectif de mettre chaque \u00e9l\u00e8ve dans les meilleures conditions possibles pour bien apprendre en classe. Cela leur donne \u00e0 chacun l&rsquo;opportunit\u00e9 de s\u2019\u00e9panouir en tant que personne et dans sa relation avec les autres. A travers ces activit\u00e9s, l\u2019enfant apprend :<\/p><ul><li>\u00e0 mieux s\u2019exprimer et communiquer, par un travail sur le langage oral ou corporel,<\/li><li>\u00e0 mieux comprendre, ressentir et g\u00e9rer ses \u00e9motions.<\/li><\/ul>\t\t\t\t\t\t<\/div>\n\t\t\t\t<\/div>\n\t\t\t\t\t<\/div>\n\t\t<\/div>\n\t\t\t\t\t\t\t<\/div>\n\t\t<\/section>\n\t\t\t\t\t\t\t<\/div>\n\t\t","protected":false},"excerpt":{"rendered":"<p>Le projet \u00e9ducatif et religieux Le projet \u00e9ducatif de l&rsquo;\u00e9cole L&rsquo;\u00e9cole Sainte Croix est une \u00e9cole catholique d&rsquo;enseignement sous contrat d&rsquo;association avec l&rsquo;\u00c9tat. Notre projet \u00e9ducatif fait r\u00e9f\u00e9rence au projet dioc\u00e9sain de Seine-St-Denis. Il prend ainsi en compte chaque \u00eatre en tant que personne. L&rsquo;\u00e9cole accueille tous les enfants, quelle que soit leur origine sociale,&hellip; <a class=\"more-link\" href=\"https:\/\/ecolesaintecroix-noisylesec.fr\/?page_id=23\">Poursuivre la lecture <span class=\"screen-reader-text\">Le projet \u00e9ducatif et religieux<\/span><\/a><\/p>\n","protected":false},"author":4,"featured_media":0,"parent":0,"menu_order":0,"comment_status":"closed","ping_status":"closed","template":"elementor_header_footer","meta":{"footnotes":""},"class_list":["post-23","page","type-page","status-publish","hentry","entry"],"_links":{"self":[{"href":"https:\/\/ecolesaintecroix-noisylesec.fr\/index.php?rest_route=\/wp\/v2\/pages\/23","targetHints":{"allow":["GET"]}}],"collection":[{"href":"https:\/\/ecolesaintecroix-noisylesec.fr\/index.php?rest_route=\/wp\/v2\/pages"}],"about":[{"href":"https:\/\/ecolesaintecroix-noisylesec.fr\/index.php?rest_route=\/wp\/v2\/types\/page"}],"author":[{"embeddable":true,"href":"https:\/\/ecolesaintecroix-noisylesec.fr\/index.php?rest_route=\/wp\/v2\/users\/4"}],"replies":[{"embeddable":true,"href":"https:\/\/ecolesaintecroix-noisylesec.fr\/index.php?rest_route=%2Fwp%2Fv2%2Fcomments&post=23"}],"version-history":[{"count":94,"href":"https:\/\/ecolesaintecroix-noisylesec.fr\/index.php?rest_route=\/wp\/v2\/pages\/23\/revisions"}],"predecessor-version":[{"id":2907,"href":"https:\/\/ecolesaintecroix-noisylesec.fr\/index.php?rest_route=\/wp\/v2\/pages\/23\/revisions\/2907"}],"wp:attachment":[{"href":"https:\/\/ecolesaintecroix-noisylesec.fr\/index.php?rest_route=%2Fwp%2Fv2%2Fmedia&parent=23"}],"curies":[{"name":"wp","href":"https:\/\/api.w.org\/{rel}","templated":true}]}}