{"id":37,"date":"2022-06-01T21:57:22","date_gmt":"2022-06-01T19:57:22","guid":{"rendered":"https:\/\/ecolesaintecroix-noisylesec.fr\/?page_id=37"},"modified":"2026-01-16T15:01:21","modified_gmt":"2026-01-16T14:01:21","slug":"journee-sainte-croix","status":"publish","type":"page","link":"https:\/\/ecolesaintecroix-noisylesec.fr\/?page_id=37","title":{"rendered":"L&rsquo;organisation de la journ\u00e9e"},"content":{"rendered":"\t\t<div data-elementor-type=\"wp-page\" data-elementor-id=\"37\" class=\"elementor elementor-37\">\n\t\t\t\t\t\t\t\t\t<section class=\"elementor-section elementor-top-section elementor-element elementor-element-81319fe elementor-section-boxed elementor-section-height-default elementor-section-height-default\" data-id=\"81319fe\" data-element_type=\"section\">\n\t\t\t\t\t\t<div class=\"elementor-container elementor-column-gap-default\">\n\t\t\t\t\t<div class=\"elementor-column elementor-col-100 elementor-top-column elementor-element elementor-element-e58b887\" data-id=\"e58b887\" data-element_type=\"column\">\n\t\t\t<div class=\"elementor-widget-wrap elementor-element-populated\">\n\t\t\t\t\t\t\t\t<div class=\"elementor-element elementor-element-71c217a elementor-widget elementor-widget-spacer\" data-id=\"71c217a\" data-element_type=\"widget\" data-widget_type=\"spacer.default\">\n\t\t\t\t<div class=\"elementor-widget-container\">\n\t\t\t<style>\/*! elementor - v3.18.0 - 20-12-2023 *\/\n.elementor-column .elementor-spacer-inner{height:var(--spacer-size)}.e-con{--container-widget-width:100%}.e-con-inner>.elementor-widget-spacer,.e-con>.elementor-widget-spacer{width:var(--container-widget-width,var(--spacer-size));--align-self:var(--container-widget-align-self,initial);--flex-shrink:0}.e-con-inner>.elementor-widget-spacer>.elementor-widget-container,.e-con>.elementor-widget-spacer>.elementor-widget-container{height:100%;width:100%}.e-con-inner>.elementor-widget-spacer>.elementor-widget-container>.elementor-spacer,.e-con>.elementor-widget-spacer>.elementor-widget-container>.elementor-spacer{height:100%}.e-con-inner>.elementor-widget-spacer>.elementor-widget-container>.elementor-spacer>.elementor-spacer-inner,.e-con>.elementor-widget-spacer>.elementor-widget-container>.elementor-spacer>.elementor-spacer-inner{height:var(--container-widget-height,var(--spacer-size))}.e-con-inner>.elementor-widget-spacer.elementor-widget-empty,.e-con>.elementor-widget-spacer.elementor-widget-empty{position:relative;min-height:22px;min-width:22px}.e-con-inner>.elementor-widget-spacer.elementor-widget-empty .elementor-widget-empty-icon,.e-con>.elementor-widget-spacer.elementor-widget-empty .elementor-widget-empty-icon{position:absolute;top:0;bottom:0;left:0;right:0;margin:auto;padding:0;width:22px;height:22px}<\/style>\t\t<div class=\"elementor-spacer\">\n\t\t\t<div class=\"elementor-spacer-inner\"><\/div>\n\t\t<\/div>\n\t\t\t\t<\/div>\n\t\t\t\t<\/div>\n\t\t\t\t<div class=\"elementor-element elementor-element-4fbe0a5 elementor-widget elementor-widget-heading\" data-id=\"4fbe0a5\" data-element_type=\"widget\" data-widget_type=\"heading.default\">\n\t\t\t\t<div class=\"elementor-widget-container\">\n\t\t\t<style>\/*! elementor - v3.18.0 - 20-12-2023 *\/\n.elementor-heading-title{padding:0;margin:0;line-height:1}.elementor-widget-heading .elementor-heading-title[class*=elementor-size-]>a{color:inherit;font-size:inherit;line-height:inherit}.elementor-widget-heading .elementor-heading-title.elementor-size-small{font-size:15px}.elementor-widget-heading .elementor-heading-title.elementor-size-medium{font-size:19px}.elementor-widget-heading .elementor-heading-title.elementor-size-large{font-size:29px}.elementor-widget-heading .elementor-heading-title.elementor-size-xl{font-size:39px}.elementor-widget-heading .elementor-heading-title.elementor-size-xxl{font-size:59px}<\/style><h2 class=\"elementor-heading-title elementor-size-default\">L'organisation de la journ\u00e9e<\/h2>\t\t<\/div>\n\t\t\t\t<\/div>\n\t\t\t\t<div class=\"elementor-element elementor-element-2c1c2dc elementor-widget elementor-widget-text-editor\" data-id=\"2c1c2dc\" data-element_type=\"widget\" data-widget_type=\"text-editor.default\">\n\t\t\t\t<div class=\"elementor-widget-container\">\n\t\t\t<style>\/*! elementor - v3.18.0 - 20-12-2023 *\/\n.elementor-widget-text-editor.elementor-drop-cap-view-stacked .elementor-drop-cap{background-color:#69727d;color:#fff}.elementor-widget-text-editor.elementor-drop-cap-view-framed .elementor-drop-cap{color:#69727d;border:3px solid;background-color:transparent}.elementor-widget-text-editor:not(.elementor-drop-cap-view-default) .elementor-drop-cap{margin-top:8px}.elementor-widget-text-editor:not(.elementor-drop-cap-view-default) .elementor-drop-cap-letter{width:1em;height:1em}.elementor-widget-text-editor .elementor-drop-cap{float:left;text-align:center;line-height:1;font-size:50px}.elementor-widget-text-editor .elementor-drop-cap-letter{display:inline-block}<\/style>\t\t\t\t<p>Une journ\u00e9e type \u00e0 l\u2019\u00e9cole Sainte Croix s\u2019organise de la mani\u00e8re suivante :<\/p>\t\t\t\t\t\t<\/div>\n\t\t\t\t<\/div>\n\t\t\t\t\t<\/div>\n\t\t<\/div>\n\t\t\t\t\t\t\t<\/div>\n\t\t<\/section>\n\t\t\t\t<section class=\"elementor-section elementor-top-section elementor-element elementor-element-daa0f1e elementor-section-boxed elementor-section-height-default elementor-section-height-default\" data-id=\"daa0f1e\" data-element_type=\"section\">\n\t\t\t\t\t\t<div class=\"elementor-container elementor-column-gap-default\">\n\t\t\t\t\t<div class=\"elementor-column elementor-col-100 elementor-top-column elementor-element elementor-element-46105d0\" data-id=\"46105d0\" data-element_type=\"column\">\n\t\t\t<div class=\"elementor-widget-wrap\">\n\t\t\t\t\t\t\t\t\t<\/div>\n\t\t<\/div>\n\t\t\t\t\t\t\t<\/div>\n\t\t<\/section>\n\t\t\t\t<section class=\"elementor-section elementor-top-section elementor-element elementor-element-4250e03 elementor-section-boxed elementor-section-height-default elementor-section-height-default\" data-id=\"4250e03\" data-element_type=\"section\" data-settings=\"{&quot;background_background&quot;:&quot;classic&quot;}\">\n\t\t\t\t\t\t\t<div class=\"elementor-background-overlay\"><\/div>\n\t\t\t\t\t\t\t<div class=\"elementor-container elementor-column-gap-default\">\n\t\t\t\t\t<div class=\"elementor-column elementor-col-100 elementor-top-column elementor-element elementor-element-295de60\" data-id=\"295de60\" data-element_type=\"column\">\n\t\t\t<div class=\"elementor-widget-wrap elementor-element-populated\">\n\t\t\t\t\t\t\t\t<div class=\"elementor-element elementor-element-c29e2bf elementor-widget elementor-widget-spacer\" data-id=\"c29e2bf\" data-element_type=\"widget\" data-widget_type=\"spacer.default\">\n\t\t\t\t<div class=\"elementor-widget-container\">\n\t\t\t\t\t<div class=\"elementor-spacer\">\n\t\t\t<div class=\"elementor-spacer-inner\"><\/div>\n\t\t<\/div>\n\t\t\t\t<\/div>\n\t\t\t\t<\/div>\n\t\t\t\t<div class=\"elementor-element elementor-element-e5641b1 elementor-widget elementor-widget-heading\" data-id=\"e5641b1\" data-element_type=\"widget\" data-widget_type=\"heading.default\">\n\t\t\t\t<div class=\"elementor-widget-container\">\n\t\t\t<h2 class=\"elementor-heading-title elementor-size-default\">L'arriv\u00e9e \u00e0 l'\u00e9cole<\/h2>\t\t<\/div>\n\t\t\t\t<\/div>\n\t\t\t\t<div class=\"elementor-element elementor-element-8f84146 elementor-widget elementor-widget-text-editor\" data-id=\"8f84146\" data-element_type=\"widget\" data-widget_type=\"text-editor.default\">\n\t\t\t\t<div class=\"elementor-widget-container\">\n\t\t\t\t\t\t\t<p>Il est possible d&rsquo;accueillir les \u00e9l\u00e8ves\u00a0 \u00e0 partir de 7h30 jusqu&rsquo;\u00e0 8h00 pour<strong> une garderie dite \u00ab\u00a0accueil du matin\u00a0\u00bb.<\/strong><\/p><p>Les \u00e9l\u00e8ves se dirigent vers leur classe entre 8h15 et 8h30. <strong>Cet accueil \u00e9chelonn\u00e9<\/strong> permet aux enseignantes d&rsquo;accueillir individuellement leurs \u00e9l\u00e8ves et d&rsquo;instaurer des rituels.<\/p><p><strong>Le portail est ferm\u00e9 \u00e0 8h30<\/strong> afin que chaque classe commence ses apprentissages. Pour les retardataires, nous ouvrons le portail \u00e0 9h00, sinon c&rsquo;est au moment du repas que les \u00e9l\u00e8ves sont admis, \u00e0 11h45.<\/p><p><em>ATTENTION : il n&rsquo;y pas \u00e9cole le mercredi et l&rsquo;\u00e9cole est ferm\u00e9e.<\/em><\/p>\t\t\t\t\t\t<\/div>\n\t\t\t\t<\/div>\n\t\t\t\t<div class=\"elementor-element elementor-element-297f757 elementor-widget elementor-widget-spacer\" data-id=\"297f757\" data-element_type=\"widget\" data-widget_type=\"spacer.default\">\n\t\t\t\t<div class=\"elementor-widget-container\">\n\t\t\t\t\t<div class=\"elementor-spacer\">\n\t\t\t<div class=\"elementor-spacer-inner\"><\/div>\n\t\t<\/div>\n\t\t\t\t<\/div>\n\t\t\t\t<\/div>\n\t\t\t\t\t<\/div>\n\t\t<\/div>\n\t\t\t\t\t\t\t<\/div>\n\t\t<\/section>\n\t\t\t\t<section class=\"elementor-section elementor-top-section elementor-element elementor-element-a129fac elementor-section-boxed elementor-section-height-default elementor-section-height-default\" data-id=\"a129fac\" data-element_type=\"section\" data-settings=\"{&quot;background_background&quot;:&quot;classic&quot;}\">\n\t\t\t\t\t\t\t<div class=\"elementor-background-overlay\"><\/div>\n\t\t\t\t\t\t\t<div class=\"elementor-container elementor-column-gap-default\">\n\t\t\t\t\t<div class=\"elementor-column elementor-col-100 elementor-top-column elementor-element elementor-element-3c812d8\" data-id=\"3c812d8\" data-element_type=\"column\">\n\t\t\t<div class=\"elementor-widget-wrap elementor-element-populated\">\n\t\t\t\t\t\t\t\t<div class=\"elementor-element elementor-element-8c123f6 elementor-widget elementor-widget-spacer\" data-id=\"8c123f6\" data-element_type=\"widget\" data-widget_type=\"spacer.default\">\n\t\t\t\t<div class=\"elementor-widget-container\">\n\t\t\t\t\t<div class=\"elementor-spacer\">\n\t\t\t<div class=\"elementor-spacer-inner\"><\/div>\n\t\t<\/div>\n\t\t\t\t<\/div>\n\t\t\t\t<\/div>\n\t\t\t\t<div class=\"elementor-element elementor-element-c0869eb elementor-widget elementor-widget-heading\" data-id=\"c0869eb\" data-element_type=\"widget\" data-widget_type=\"heading.default\">\n\t\t\t\t<div class=\"elementor-widget-container\">\n\t\t\t<h2 class=\"elementor-heading-title elementor-size-default\">La pause m\u00e9ridienne<\/h2>\t\t<\/div>\n\t\t\t\t<\/div>\n\t\t\t\t<div class=\"elementor-element elementor-element-08821de elementor-widget elementor-widget-text-editor\" data-id=\"08821de\" data-element_type=\"widget\" data-widget_type=\"text-editor.default\">\n\t\t\t\t<div class=\"elementor-widget-container\">\n\t\t\t\t\t\t\t<p><strong>La sortie des externes<\/strong> se fait \u00e0 11h45.<\/p><p>Les \u00e9l\u00e8ves de maternelle d\u00e9jeunent \u00e0 11h30 \u00e0 la cantine et <strong>sont servis \u00e0 table. <\/strong>Du CP au CM2, les \u00e9l\u00e8ves d\u00e9jeunent sous <strong>la forme d&rsquo;un self.<\/strong><\/p><p>Les \u00e9l\u00e8ves de primaire et maternelle sont dans des cours de r\u00e9cr\u00e9ation diff\u00e9rentes et sont surveill\u00e9s par minimum deux adultes.<\/p><p><strong>Les activit\u00e9s p\u00e9dagogiques compl\u00e9mentaires<\/strong> (APC) se font sur ce temps.\u00a0<\/p><p>Entre 13h25 et 13h30 les externes retournent dans le cour. Les retards ne sont pas possibles.<\/p>\t\t\t\t\t\t<\/div>\n\t\t\t\t<\/div>\n\t\t\t\t<div class=\"elementor-element elementor-element-0834c3d elementor-widget elementor-widget-spacer\" data-id=\"0834c3d\" data-element_type=\"widget\" data-widget_type=\"spacer.default\">\n\t\t\t\t<div class=\"elementor-widget-container\">\n\t\t\t\t\t<div class=\"elementor-spacer\">\n\t\t\t<div class=\"elementor-spacer-inner\"><\/div>\n\t\t<\/div>\n\t\t\t\t<\/div>\n\t\t\t\t<\/div>\n\t\t\t\t\t<\/div>\n\t\t<\/div>\n\t\t\t\t\t\t\t<\/div>\n\t\t<\/section>\n\t\t\t\t<section class=\"elementor-section elementor-top-section elementor-element elementor-element-a852006 elementor-section-boxed elementor-section-height-default elementor-section-height-default\" data-id=\"a852006\" data-element_type=\"section\" data-settings=\"{&quot;background_background&quot;:&quot;classic&quot;}\">\n\t\t\t\t\t\t\t<div class=\"elementor-background-overlay\"><\/div>\n\t\t\t\t\t\t\t<div class=\"elementor-container elementor-column-gap-default\">\n\t\t\t\t\t<div class=\"elementor-column elementor-col-100 elementor-top-column elementor-element elementor-element-06cab91\" data-id=\"06cab91\" data-element_type=\"column\">\n\t\t\t<div class=\"elementor-widget-wrap elementor-element-populated\">\n\t\t\t\t\t\t\t\t<div class=\"elementor-element elementor-element-c1fee73 elementor-widget elementor-widget-spacer\" data-id=\"c1fee73\" data-element_type=\"widget\" data-widget_type=\"spacer.default\">\n\t\t\t\t<div class=\"elementor-widget-container\">\n\t\t\t\t\t<div class=\"elementor-spacer\">\n\t\t\t<div class=\"elementor-spacer-inner\"><\/div>\n\t\t<\/div>\n\t\t\t\t<\/div>\n\t\t\t\t<\/div>\n\t\t\t\t<div class=\"elementor-element elementor-element-18c5216 elementor-widget elementor-widget-heading\" data-id=\"18c5216\" data-element_type=\"widget\" data-widget_type=\"heading.default\">\n\t\t\t\t<div class=\"elementor-widget-container\">\n\t\t\t<h2 class=\"elementor-heading-title elementor-size-default\">La fin de journ\u00e9e<\/h2>\t\t<\/div>\n\t\t\t\t<\/div>\n\t\t\t\t<div class=\"elementor-element elementor-element-b1bc7d5 elementor-widget elementor-widget-text-editor\" data-id=\"b1bc7d5\" data-element_type=\"widget\" data-widget_type=\"text-editor.default\">\n\t\t\t\t<div class=\"elementor-widget-container\">\n\t\t\t\t\t\t\t<p><strong>La sortie des \u00e9l\u00e8ves <\/strong>se fait entre 16h15 et 16h30 de mani\u00e8re \u00e9chelonn\u00e9e. Les enfants retrouvent les adultes qui viennent les chercher.<\/p><p>Les enfants apportent leur go\u00fbter pour le temps de pause de <strong>16h30 \u00e0 16h45.<\/strong><\/p><p><strong>\u00a0<\/strong><\/p><p>Pour <strong>les \u00e9l\u00e8ves de maternelle, une garderie<\/strong> est propos\u00e9e aux familles jusqu&rsquo;\u00e0 17h45 sous la surveillance des ASEM de notre \u00e9cole.<\/p><p>Pour <strong>les \u00e9l\u00e8ves du CP au CM2, des \u00e9tudes dirig\u00e9es<\/strong><em> (c&rsquo;est-\u00e0-dire une aide et un accompagnement dans les devoirs, mais pas leur correction. Ce point rel\u00e8ve des parents et de l&rsquo;enseignante de la classe)<\/em> sont propos\u00e9es aux familles jusqu&rsquo;\u00e0 17h45. Les diff\u00e9rentes \u00e9tudes sont assur\u00e9s par des \u00e9tudiants recrut\u00e9s par un organisme externe ainsi qu&rsquo;une enseignante de l&rsquo;\u00e9cole.<\/p>\t\t\t\t\t\t<\/div>\n\t\t\t\t<\/div>\n\t\t\t\t<div class=\"elementor-element elementor-element-8db7b81 elementor-widget elementor-widget-spacer\" data-id=\"8db7b81\" data-element_type=\"widget\" data-widget_type=\"spacer.default\">\n\t\t\t\t<div class=\"elementor-widget-container\">\n\t\t\t\t\t<div class=\"elementor-spacer\">\n\t\t\t<div class=\"elementor-spacer-inner\"><\/div>\n\t\t<\/div>\n\t\t\t\t<\/div>\n\t\t\t\t<\/div>\n\t\t\t\t\t<\/div>\n\t\t<\/div>\n\t\t\t\t\t\t\t<\/div>\n\t\t<\/section>\n\t\t\t\t\t\t\t<\/div>\n\t\t","protected":false},"excerpt":{"rendered":"<p>L&rsquo;organisation de la journ\u00e9e Une journ\u00e9e type \u00e0 l\u2019\u00e9cole Sainte Croix s\u2019organise de la mani\u00e8re suivante : L&rsquo;arriv\u00e9e \u00e0 l&rsquo;\u00e9cole Il est possible d&rsquo;accueillir les \u00e9l\u00e8ves\u00a0 \u00e0 partir de 7h30 jusqu&rsquo;\u00e0 8h00 pour une garderie dite \u00ab\u00a0accueil du matin\u00a0\u00bb. Les \u00e9l\u00e8ves se dirigent vers leur classe entre 8h15 et 8h30. Cet accueil \u00e9chelonn\u00e9 permet aux&hellip; <a class=\"more-link\" href=\"https:\/\/ecolesaintecroix-noisylesec.fr\/?page_id=37\">Poursuivre la lecture <span class=\"screen-reader-text\">L&rsquo;organisation de la journ\u00e9e<\/span><\/a><\/p>\n","protected":false},"author":4,"featured_media":0,"parent":0,"menu_order":0,"comment_status":"closed","ping_status":"closed","template":"elementor_header_footer","meta":{"footnotes":""},"class_list":["post-37","page","type-page","status-publish","hentry","entry"],"_links":{"self":[{"href":"https:\/\/ecolesaintecroix-noisylesec.fr\/index.php?rest_route=\/wp\/v2\/pages\/37","targetHints":{"allow":["GET"]}}],"collection":[{"href":"https:\/\/ecolesaintecroix-noisylesec.fr\/index.php?rest_route=\/wp\/v2\/pages"}],"about":[{"href":"https:\/\/ecolesaintecroix-noisylesec.fr\/index.php?rest_route=\/wp\/v2\/types\/page"}],"author":[{"embeddable":true,"href":"https:\/\/ecolesaintecroix-noisylesec.fr\/index.php?rest_route=\/wp\/v2\/users\/4"}],"replies":[{"embeddable":true,"href":"https:\/\/ecolesaintecroix-noisylesec.fr\/index.php?rest_route=%2Fwp%2Fv2%2Fcomments&post=37"}],"version-history":[{"count":140,"href":"https:\/\/ecolesaintecroix-noisylesec.fr\/index.php?rest_route=\/wp\/v2\/pages\/37\/revisions"}],"predecessor-version":[{"id":4085,"href":"https:\/\/ecolesaintecroix-noisylesec.fr\/index.php?rest_route=\/wp\/v2\/pages\/37\/revisions\/4085"}],"wp:attachment":[{"href":"https:\/\/ecolesaintecroix-noisylesec.fr\/index.php?rest_route=%2Fwp%2Fv2%2Fmedia&parent=37"}],"curies":[{"name":"wp","href":"https:\/\/api.w.org\/{rel}","templated":true}]}}